{"id":149,"date":"2025-03-13T16:11:03","date_gmt":"2025-03-13T15:11:03","guid":{"rendered":"http:\/\/mshfkcz.cluster029.hosting.ovh.net\/?page_id=149"},"modified":"2025-03-17T09:42:01","modified_gmt":"2025-03-17T08:42:01","slug":"balades","status":"publish","type":"page","link":"https:\/\/www.avignonkids.fr\/index.php\/balades\/","title":{"rendered":"BALADES"},"content":{"rendered":"\n<p>Dans notre r\u00e9gion entre Alpilles et Luberon de nombreuses balades sont accessibles aux enfants d\u00e8s le plus jeune \u00e2ge.<\/p>\n\n\n\n<p>Vous trouverez dans cette section des propositions pour partir \u00e0 la d\u00e9couverte des sentiers !<\/p>\n\n\n\n<p>Massif des Alpilles : <\/p>\n\n\n\n<ul class=\"wp-block-list\">\n<li>FONTVIEILLE &#8211; Le sentier des Moulins de Daudet<\/li>\n\n\n\n<li>LE PARADOU &#8211; Les Tours de Castillon<\/li>\n\n\n\n<li>ORGON &#8211; Le sentier de la Pierre<\/li>\n\n\n\n<li>SAINT-ETIENNE-DU-GRES &#8211; Notre-Dame du Ch\u00e2teau<\/li>\n\n\n\n<li>TARASCON &#8211; La Routo : Autour de Saint-Gabriel<\/li>\n\n\n\n<li>SAINT-MARTIN-DE-CRAU &#8211; Circuit de la Garrigue<\/li>\n<\/ul>\n\n\n\n<p><\/p>\n","protected":false},"excerpt":{"rendered":"<p>Dans notre r\u00e9gion entre Alpilles et Luberon de nombreuses balades sont accessibles aux enfants d\u00e8s le plus jeune \u00e2ge. Vous [&hellip;]<\/p>\n","protected":false},"author":1,"featured_media":250,"parent":0,"menu_order":0,"comment_status":"closed","ping_status":"closed","template":"","meta":{"site-sidebar-layout":"default","site-content-layout":"","ast-site-content-layout":"","site-content-style":"default","site-sidebar-style":"default","ast-global-header-display":"","ast-banner-title-visibility":"","ast-main-header-display":"","ast-hfb-above-header-display":"","ast-hfb-below-header-display":"","ast-hfb-mobile-header-display":"","site-post-title":"","ast-breadcrumbs-content":"","ast-featured-img":"","footer-sml-layout":"","theme-transparent-header-meta":"","adv-header-id-meta":"","stick-header-meta":"","header-above-stick-meta":"","header-main-stick-meta":"","header-below-stick-meta":"","astra-migrate-meta-layouts":"default","ast-page-background-enabled":"default","ast-page-background-meta":{"desktop":{"background-color":"var(--ast-global-color-5)","background-image":"","background-repeat":"repeat","background-position":"center center","background-size":"auto","background-attachment":"scroll","background-type":"","background-media":"","overlay-type":"","overlay-color":"","overlay-opacity":"","overlay-gradient":""},"tablet":{"background-color":"","background-image":"","background-repeat":"repeat","background-position":"center center","background-size":"auto","background-attachment":"scroll","background-type":"","background-media":"","overlay-type":"","overlay-color":"","overlay-opacity":"","overlay-gradient":""},"mobile":{"background-color":"","background-image":"","background-repeat":"repeat","background-position":"center center","background-size":"auto","background-attachment":"scroll","background-type":"","background-media":"","overlay-type":"","overlay-color":"","overlay-opacity":"","overlay-gradient":""}},"ast-content-background-meta":{"desktop":{"background-color":"var(--ast-global-color-4)","background-image":"","background-repeat":"repeat","background-position":"center center","background-size":"auto","background-attachment":"scroll","background-type":"","background-media":"","overlay-type":"","overlay-color":"","overlay-opacity":"","overlay-gradient":""},"tablet":{"background-color":"var(--ast-global-color-4)","background-image":"","background-repeat":"repeat","background-position":"center center","background-size":"auto","background-attachment":"scroll","background-type":"","background-media":"","overlay-type":"","overlay-color":"","overlay-opacity":"","overlay-gradient":""},"mobile":{"background-color":"var(--ast-global-color-4)","background-image":"","background-repeat":"repeat","background-position":"center center","background-size":"auto","background-attachment":"scroll","background-type":"","background-media":"","overlay-type":"","overlay-color":"","overlay-opacity":"","overlay-gradient":""}},"_mc_calendar":[],"footnotes":""},"class_list":["post-149","page","type-page","status-publish","has-post-thumbnail","hentry"],"_links":{"self":[{"href":"https:\/\/www.avignonkids.fr\/index.php\/wp-json\/wp\/v2\/pages\/149","targetHints":{"allow":["GET"]}}],"collection":[{"href":"https:\/\/www.avignonkids.fr\/index.php\/wp-json\/wp\/v2\/pages"}],"about":[{"href":"https:\/\/www.avignonkids.fr\/index.php\/wp-json\/wp\/v2\/types\/page"}],"author":[{"embeddable":true,"href":"https:\/\/www.avignonkids.fr\/index.php\/wp-json\/wp\/v2\/users\/1"}],"replies":[{"embeddable":true,"href":"https:\/\/www.avignonkids.fr\/index.php\/wp-json\/wp\/v2\/comments?post=149"}],"version-history":[{"count":2,"href":"https:\/\/www.avignonkids.fr\/index.php\/wp-json\/wp\/v2\/pages\/149\/revisions"}],"predecessor-version":[{"id":181,"href":"https:\/\/www.avignonkids.fr\/index.php\/wp-json\/wp\/v2\/pages\/149\/revisions\/181"}],"wp:featuredmedia":[{"embeddable":true,"href":"https:\/\/www.avignonkids.fr\/index.php\/wp-json\/wp\/v2\/media\/250"}],"wp:attachment":[{"href":"https:\/\/www.avignonkids.fr\/index.php\/wp-json\/wp\/v2\/media?parent=149"}],"curies":[{"name":"wp","href":"https:\/\/api.w.org\/{rel}","templated":true}]}}