{"id":2,"date":"2022-12-31T14:56:37","date_gmt":"2022-12-31T13:56:37","guid":{"rendered":"http:\/\/mshfkcz.cluster029.hosting.ovh.net\/?page_id=2"},"modified":"2025-04-22T15:40:27","modified_gmt":"2025-04-22T13:40:27","slug":"bienvenue","status":"publish","type":"page","link":"https:\/\/www.avignonkids.fr\/","title":{"rendered":"Bienvenue chez Avignon Kids !"},"content":{"rendered":"\n<h2 class=\"wp-block-heading\">D\u00e9couvrez les meilleures activit\u00e9s pour les enfants autour d&rsquo;Avignon <\/h2>\n\n\n\n<div class=\"wp-block-group is-nowrap is-layout-flex wp-container-core-group-is-layout-6c531013 wp-block-group-is-layout-flex\">\n<p>Vous cherchez des id\u00e9es d&rsquo;activit\u00e9s pour vos enfants de 0 \u00e0 15 ans autour d&rsquo;Avignon ? Bonne nouvelle, vous \u00eates au bon endroit ! Avignon Kids sera votre guide pour vous accompagner dans cette qu\u00eate. Nous avons recens\u00e9 pour vous les lieux proposant des activit\u00e9s pour les enfants. Que vous soyez r\u00e9sidents ou de passage, notre site regorge de suggestions pour des moments inoubliables pour vous enfants et en famille.<\/p>\n<\/div>\n\n\n\n<figure class=\"wp-block-gallery has-nested-images columns-default is-cropped wp-block-gallery-1 is-layout-flex wp-block-gallery-is-layout-flex\">\n<figure class=\"wp-block-image size-large\"><img loading=\"lazy\" decoding=\"async\" width=\"1024\" height=\"656\" data-id=\"246\" src=\"https:\/\/www.avignonkids.fr\/wp-content\/uploads\/2025\/03\/people-1560569_1280-1024x656.jpg\" alt=\"\" class=\"wp-image-246\" srcset=\"https:\/\/www.avignonkids.fr\/wp-content\/uploads\/2025\/03\/people-1560569_1280-1024x656.jpg 1024w, https:\/\/www.avignonkids.fr\/wp-content\/uploads\/2025\/03\/people-1560569_1280-300x192.jpg 300w, https:\/\/www.avignonkids.fr\/wp-content\/uploads\/2025\/03\/people-1560569_1280-768x492.jpg 768w, https:\/\/www.avignonkids.fr\/wp-content\/uploads\/2025\/03\/people-1560569_1280.jpg 1280w\" sizes=\"auto, (max-width: 1024px) 100vw, 1024px\" \/><\/figure>\n\n\n\n<figure class=\"wp-block-image size-large\"><img loading=\"lazy\" decoding=\"async\" width=\"1024\" height=\"682\" data-id=\"245\" src=\"https:\/\/www.avignonkids.fr\/wp-content\/uploads\/2025\/03\/merry-christmas-1093758_1280-1024x682.jpg\" alt=\"\" class=\"wp-image-245\" srcset=\"https:\/\/www.avignonkids.fr\/wp-content\/uploads\/2025\/03\/merry-christmas-1093758_1280-1024x682.jpg 1024w, https:\/\/www.avignonkids.fr\/wp-content\/uploads\/2025\/03\/merry-christmas-1093758_1280-300x200.jpg 300w, https:\/\/www.avignonkids.fr\/wp-content\/uploads\/2025\/03\/merry-christmas-1093758_1280-768x512.jpg 768w, https:\/\/www.avignonkids.fr\/wp-content\/uploads\/2025\/03\/merry-christmas-1093758_1280.jpg 1280w\" sizes=\"auto, (max-width: 1024px) 100vw, 1024px\" \/><\/figure>\n\n\n\n<figure class=\"wp-block-image size-large\"><img loading=\"lazy\" decoding=\"async\" width=\"1024\" height=\"682\" data-id=\"244\" src=\"https:\/\/www.avignonkids.fr\/wp-content\/uploads\/2025\/03\/child-3837317_1280-1024x682.jpg\" alt=\"\" class=\"wp-image-244\" srcset=\"https:\/\/www.avignonkids.fr\/wp-content\/uploads\/2025\/03\/child-3837317_1280-1024x682.jpg 1024w, https:\/\/www.avignonkids.fr\/wp-content\/uploads\/2025\/03\/child-3837317_1280-300x200.jpg 300w, https:\/\/www.avignonkids.fr\/wp-content\/uploads\/2025\/03\/child-3837317_1280-768x512.jpg 768w, https:\/\/www.avignonkids.fr\/wp-content\/uploads\/2025\/03\/child-3837317_1280.jpg 1280w\" sizes=\"auto, (max-width: 1024px) 100vw, 1024px\" \/><\/figure>\n<\/figure>\n\n\n\n<h2 class=\"wp-block-heading\"><\/h2>\n\n\n\n<div class=\"wp-block-group is-nowrap is-layout-flex wp-container-core-group-is-layout-6c531013 wp-block-group-is-layout-flex\"><\/div>\n\n\n\n<p><\/p>\n","protected":false},"excerpt":{"rendered":"<p>D\u00e9couvrez les meilleures activit\u00e9s pour les enfants autour d&rsquo;Avignon Vous cherchez des id\u00e9es d&rsquo;activit\u00e9s pour vos enfants de 0 \u00e0 [&hellip;]<\/p>\n","protected":false},"author":1,"featured_media":247,"parent":0,"menu_order":0,"comment_status":"closed","ping_status":"closed","template":"","meta":{"site-sidebar-layout":"default","site-content-layout":"","ast-site-content-layout":"","site-content-style":"default","site-sidebar-style":"default","ast-global-header-display":"","ast-banner-title-visibility":"","ast-main-header-display":"","ast-hfb-above-header-display":"","ast-hfb-below-header-display":"","ast-hfb-mobile-header-display":"","site-post-title":"","ast-breadcrumbs-content":"","ast-featured-img":"","footer-sml-layout":"","theme-transparent-header-meta":"","adv-header-id-meta":"","stick-header-meta":"","header-above-stick-meta":"","header-main-stick-meta":"","header-below-stick-meta":"","astra-migrate-meta-layouts":"default","ast-page-background-enabled":"default","ast-page-background-meta":{"desktop":{"background-color":"var(--ast-global-color-5)","background-image":"","background-repeat":"repeat","background-position":"center center","background-size":"auto","background-attachment":"scroll","background-type":"","background-media":"","overlay-type":"","overlay-color":"","overlay-opacity":"","overlay-gradient":""},"tablet":{"background-color":"","background-image":"","background-repeat":"repeat","background-position":"center center","background-size":"auto","background-attachment":"scroll","background-type":"","background-media":"","overlay-type":"","overlay-color":"","overlay-opacity":"","overlay-gradient":""},"mobile":{"background-color":"","background-image":"","background-repeat":"repeat","background-position":"center center","background-size":"auto","background-attachment":"scroll","background-type":"","background-media":"","overlay-type":"","overlay-color":"","overlay-opacity":"","overlay-gradient":""}},"ast-content-background-meta":{"desktop":{"background-color":"var(--ast-global-color-4)","background-image":"","background-repeat":"repeat","background-position":"center center","background-size":"auto","background-attachment":"scroll","background-type":"","background-media":"","overlay-type":"","overlay-color":"","overlay-opacity":"","overlay-gradient":""},"tablet":{"background-color":"var(--ast-global-color-4)","background-image":"","background-repeat":"repeat","background-position":"center center","background-size":"auto","background-attachment":"scroll","background-type":"","background-media":"","overlay-type":"","overlay-color":"","overlay-opacity":"","overlay-gradient":""},"mobile":{"background-color":"var(--ast-global-color-4)","background-image":"","background-repeat":"repeat","background-position":"center center","background-size":"auto","background-attachment":"scroll","background-type":"","background-media":"","overlay-type":"","overlay-color":"","overlay-opacity":"","overlay-gradient":""}},"_mc_calendar":[],"footnotes":""},"class_list":["post-2","page","type-page","status-publish","has-post-thumbnail","hentry"],"_links":{"self":[{"href":"https:\/\/www.avignonkids.fr\/index.php\/wp-json\/wp\/v2\/pages\/2","targetHints":{"allow":["GET"]}}],"collection":[{"href":"https:\/\/www.avignonkids.fr\/index.php\/wp-json\/wp\/v2\/pages"}],"about":[{"href":"https:\/\/www.avignonkids.fr\/index.php\/wp-json\/wp\/v2\/types\/page"}],"author":[{"embeddable":true,"href":"https:\/\/www.avignonkids.fr\/index.php\/wp-json\/wp\/v2\/users\/1"}],"replies":[{"embeddable":true,"href":"https:\/\/www.avignonkids.fr\/index.php\/wp-json\/wp\/v2\/comments?post=2"}],"version-history":[{"count":17,"href":"https:\/\/www.avignonkids.fr\/index.php\/wp-json\/wp\/v2\/pages\/2\/revisions"}],"predecessor-version":[{"id":329,"href":"https:\/\/www.avignonkids.fr\/index.php\/wp-json\/wp\/v2\/pages\/2\/revisions\/329"}],"wp:featuredmedia":[{"embeddable":true,"href":"https:\/\/www.avignonkids.fr\/index.php\/wp-json\/wp\/v2\/media\/247"}],"wp:attachment":[{"href":"https:\/\/www.avignonkids.fr\/index.php\/wp-json\/wp\/v2\/media?parent=2"}],"curies":[{"name":"wp","href":"https:\/\/api.w.org\/{rel}","templated":true}]}}