{"id":43,"date":"2025-03-13T11:20:28","date_gmt":"2025-03-13T10:20:28","guid":{"rendered":"http:\/\/mshfkcz.cluster029.hosting.ovh.net\/?page_id=43"},"modified":"2025-03-17T09:45:09","modified_gmt":"2025-03-17T08:45:09","slug":"musees","status":"publish","type":"page","link":"https:\/\/www.avignonkids.fr\/index.php\/musees\/","title":{"rendered":"MUSEES"},"content":{"rendered":"\n<p>Voici les mus\u00e9es qui proposent des activit\u00e9s pour les enfants :<\/p>\n\n\n\n<ul class=\"wp-block-list\">\n<li><\/li>\n<\/ul>\n\n\n\n<ul class=\"wp-block-list\">\n<li>Le mus\u00e9e Urgonia \u00e0 Orgon<\/li>\n\n\n\n<li><a href=\"http:\/\/index.php\/2025\/03\/13\/musee-des-alpilles\/\" data-type=\"link\" data-id=\"index.php\/2025\/03\/13\/musee-des-alpilles\/\">Le mus\u00e9e des Alpilles \u00e0 Saint R\u00e9my<\/a><\/li>\n\n\n\n<li>Le mus\u00e9e Estrine \u00e0 Saint R\u00e9my<\/li>\n\n\n\n<li>Le Mus\u00e9e Angladon \u00e0 Avignon<\/li>\n\n\n\n<li>La Collection Lambert \u00e0 Avignon<\/li>\n\n\n\n<li>Le Palais du Roure \u00e0 Avignon <\/li>\n\n\n\n<li>Le Mus\u00e9e Arles Antique \u00e0 Arles<\/li>\n<\/ul>\n\n\n\n<p><\/p>\n\n\n\n<p>En plus de ces mus\u00e9es, le mus\u00e9e Requien \u00e0 Avignon est tr\u00e8s int\u00e9ressant et adapt\u00e9 pour une visite en famille.<\/p>\n\n\n\n<p><\/p>\n\n\n\n<p><\/p>\n","protected":false},"excerpt":{"rendered":"<p>Voici les mus\u00e9es qui proposent des activit\u00e9s pour les enfants : En plus de ces mus\u00e9es, le mus\u00e9e Requien \u00e0 [&hellip;]<\/p>\n","protected":false},"author":1,"featured_media":260,"parent":0,"menu_order":0,"comment_status":"closed","ping_status":"closed","template":"","meta":{"site-sidebar-layout":"default","site-content-layout":"","ast-site-content-layout":"","site-content-style":"default","site-sidebar-style":"default","ast-global-header-display":"","ast-banner-title-visibility":"","ast-main-header-display":"","ast-hfb-above-header-display":"","ast-hfb-below-header-display":"","ast-hfb-mobile-header-display":"","site-post-title":"","ast-breadcrumbs-content":"","ast-featured-img":"","footer-sml-layout":"","theme-transparent-header-meta":"","adv-header-id-meta":"","stick-header-meta":"","header-above-stick-meta":"","header-main-stick-meta":"","header-below-stick-meta":"","astra-migrate-meta-layouts":"default","ast-page-background-enabled":"default","ast-page-background-meta":{"desktop":{"background-color":"var(--ast-global-color-5)","background-image":"","background-repeat":"repeat","background-position":"center center","background-size":"auto","background-attachment":"scroll","background-type":"","background-media":"","overlay-type":"","overlay-color":"","overlay-opacity":"","overlay-gradient":""},"tablet":{"background-color":"","background-image":"","background-repeat":"repeat","background-position":"center center","background-size":"auto","background-attachment":"scroll","background-type":"","background-media":"","overlay-type":"","overlay-color":"","overlay-opacity":"","overlay-gradient":""},"mobile":{"background-color":"","background-image":"","background-repeat":"repeat","background-position":"center center","background-size":"auto","background-attachment":"scroll","background-type":"","background-media":"","overlay-type":"","overlay-color":"","overlay-opacity":"","overlay-gradient":""}},"ast-content-background-meta":{"desktop":{"background-color":"var(--ast-global-color-4)","background-image":"","background-repeat":"repeat","background-position":"center center","background-size":"auto","background-attachment":"scroll","background-type":"","background-media":"","overlay-type":"","overlay-color":"","overlay-opacity":"","overlay-gradient":""},"tablet":{"background-color":"var(--ast-global-color-4)","background-image":"","background-repeat":"repeat","background-position":"center center","background-size":"auto","background-attachment":"scroll","background-type":"","background-media":"","overlay-type":"","overlay-color":"","overlay-opacity":"","overlay-gradient":""},"mobile":{"background-color":"var(--ast-global-color-4)","background-image":"","background-repeat":"repeat","background-position":"center center","background-size":"auto","background-attachment":"scroll","background-type":"","background-media":"","overlay-type":"","overlay-color":"","overlay-opacity":"","overlay-gradient":""}},"_mc_calendar":[],"footnotes":""},"class_list":["post-43","page","type-page","status-publish","has-post-thumbnail","hentry"],"_links":{"self":[{"href":"https:\/\/www.avignonkids.fr\/index.php\/wp-json\/wp\/v2\/pages\/43","targetHints":{"allow":["GET"]}}],"collection":[{"href":"https:\/\/www.avignonkids.fr\/index.php\/wp-json\/wp\/v2\/pages"}],"about":[{"href":"https:\/\/www.avignonkids.fr\/index.php\/wp-json\/wp\/v2\/types\/page"}],"author":[{"embeddable":true,"href":"https:\/\/www.avignonkids.fr\/index.php\/wp-json\/wp\/v2\/users\/1"}],"replies":[{"embeddable":true,"href":"https:\/\/www.avignonkids.fr\/index.php\/wp-json\/wp\/v2\/comments?post=43"}],"version-history":[{"count":5,"href":"https:\/\/www.avignonkids.fr\/index.php\/wp-json\/wp\/v2\/pages\/43\/revisions"}],"predecessor-version":[{"id":186,"href":"https:\/\/www.avignonkids.fr\/index.php\/wp-json\/wp\/v2\/pages\/43\/revisions\/186"}],"wp:featuredmedia":[{"embeddable":true,"href":"https:\/\/www.avignonkids.fr\/index.php\/wp-json\/wp\/v2\/media\/260"}],"wp:attachment":[{"href":"https:\/\/www.avignonkids.fr\/index.php\/wp-json\/wp\/v2\/media?parent=43"}],"curies":[{"name":"wp","href":"https:\/\/api.w.org\/{rel}","templated":true}]}}